

{"id":125,"date":"2019-07-16T12:10:19","date_gmt":"2019-07-16T10:10:19","guid":{"rendered":"https:\/\/www.aqualand.fr\/sainte-maxime\/?page_id=125"},"modified":"2026-04-15T16:06:43","modified_gmt":"2026-04-15T14:06:43","slug":"entreprises-et-groupes","status":"publish","type":"page","link":"https:\/\/www.aqualand.fr\/sainte-maxime\/entreprises-et-groupes\/","title":{"rendered":"Entreprises et Groupes"},"content":{"rendered":"<p>Vous \u00eates un comit\u00e9 d\u2019entreprise, une amicale, un centre de loisirs ou encore une association et vous souhaitez proposer les offres Aqualand \u00e0 vos salari\u00e9s ou adh\u00e9rents ?<br \/>Nous vous r\u00e9servons des offres sur-mesure :<\/p>\n<div class=\"container\">\n<div class=\"row\" style=\"background-color: aliceblue; padding: 20px;\">\n<div class=\"col-12 col-sm-6\">\n<p><img loading=\"lazy\" decoding=\"async\" class=\"aligncenter size-full wp-image-722\" src=\"https:\/\/www.aqualand.fr\/frejus\/wp-content\/uploads\/2019\/07\/streamline-icon-ticket-buy@48x48.png\" alt=\"\" width=\"48\" height=\"48\" \/><\/p>\n<h3 style=\"text-align: center;\">Billetterie Individuelle CSE<\/h3>\n<p>B\u00e9n\u00e9ficiez d\u2019un tarif pr\u00e9f\u00e9rentiel pour vos salari\u00e9s avec des billets non dat\u00e9s valables toute la saison.<\/p>\n<p><b>Contact<\/b><br \/>Joran GASTALDI<br \/>commercial.france@aqualand.fr<br \/>04 94 51 82 51<\/p>\n<\/div>\n<div class=\"col-12 col-sm-6\">\n<p><img loading=\"lazy\" decoding=\"async\" class=\"aligncenter size-full wp-image-723\" src=\"https:\/\/www.aqualand.fr\/frejus\/wp-content\/uploads\/2019\/07\/streamline-icon-ticket-group@48x48.png\" alt=\"\" width=\"48\" height=\"48\" \/><\/p>\n<h3 style=\"text-align: center;\">Sortie de Groupe<\/h3>\n<p>Organisez une sortie en groupe, minimum 30 personnes venant sur une m\u00eame date et b\u00e9n\u00e9ficiez de tarifs pr\u00e9f\u00e9rentiels.<\/p>\n<p>Devis et r\u00e9servation \u00e0 <a title=\"mailto:aqualand.st-maxime@aqualand.fr\" href=\"mailto:aqualand.st-maxime@aqualand.fr\" data-linkindex=\"0\" data-olk-copy-source=\"MessageBody\">aqualand.st-maxime@aqualand.fr<\/a><\/p>\n<\/div>\n<\/div>\n<div class=\"row\">\n<div class=\"col-12\">\u00a0<\/div>\n<\/div>\n<\/div>\n\n\n<div style=\"height:54px\" aria-hidden=\"true\" class=\"wp-block-spacer\"><\/div>\n\n\n\n<div class=\"wp-block-columns has-background is-layout-flex wp-container-core-columns-is-layout-9d6595d7 wp-block-columns-is-layout-flex\" style=\"background-color:#f0f8ff\">\n<div class=\"wp-block-column is-vertically-aligned-center is-layout-flow wp-block-column-is-layout-flow\">\n<h3 class=\"wp-block-heading has-text-align-center\">Billetterie en ligne CSE<\/h3>\n<\/div>\n\n\n\n<div class=\"wp-block-column is-layout-flow wp-block-column-is-layout-flow\">\n<div class=\"wp-block-buttons is-layout-flex wp-block-buttons-is-layout-flex\">\n<div class=\"wp-block-button\"><a class=\"wp-block-button__link has-vivid-cyan-blue-background-color has-background wp-element-button\" href=\"https:\/\/aspro-aqualand-entreprise.shop.secutix.com\/\" target=\"_blank\" rel=\"noreferrer noopener\">Je me connecte<\/a><\/div>\n<\/div>\n<\/div>\n<\/div>\n","protected":false},"excerpt":{"rendered":"<p>Vous \u00eates un comit\u00e9 d\u2019entreprise, une amicale, un centre de loisirs ou encore une association et vous souhaitez proposer les offres Aqualand \u00e0 vos salari\u00e9s ou adh\u00e9rents ?Nous vous r\u00e9servons des offres sur-mesure : Billetterie Individuelle CSE B\u00e9n\u00e9ficiez d\u2019un tarif pr\u00e9f\u00e9rentiel pour vos salari\u00e9s avec des billets non dat\u00e9s valables toute la saison. ContactJoran GASTALDIcommercial.france@aqualand.fr04 [&hellip;]<\/p>\n","protected":false},"author":1,"featured_media":0,"parent":0,"menu_order":0,"comment_status":"closed","ping_status":"closed","template":"","meta":{"_acf_changed":false,"footnotes":""},"class_list":["post-125","page","type-page","status-publish","hentry"],"acf":[],"aioseo_notices":[],"_links":{"self":[{"href":"https:\/\/www.aqualand.fr\/sainte-maxime\/wp-json\/wp\/v2\/pages\/125","targetHints":{"allow":["GET"]}}],"collection":[{"href":"https:\/\/www.aqualand.fr\/sainte-maxime\/wp-json\/wp\/v2\/pages"}],"about":[{"href":"https:\/\/www.aqualand.fr\/sainte-maxime\/wp-json\/wp\/v2\/types\/page"}],"author":[{"embeddable":true,"href":"https:\/\/www.aqualand.fr\/sainte-maxime\/wp-json\/wp\/v2\/users\/1"}],"replies":[{"embeddable":true,"href":"https:\/\/www.aqualand.fr\/sainte-maxime\/wp-json\/wp\/v2\/comments?post=125"}],"version-history":[{"count":11,"href":"https:\/\/www.aqualand.fr\/sainte-maxime\/wp-json\/wp\/v2\/pages\/125\/revisions"}],"predecessor-version":[{"id":505,"href":"https:\/\/www.aqualand.fr\/sainte-maxime\/wp-json\/wp\/v2\/pages\/125\/revisions\/505"}],"wp:attachment":[{"href":"https:\/\/www.aqualand.fr\/sainte-maxime\/wp-json\/wp\/v2\/media?parent=125"}],"curies":[{"name":"wp","href":"https:\/\/api.w.org\/{rel}","templated":true}]}}