

{"id":222,"date":"2021-05-13T11:54:35","date_gmt":"2021-05-13T09:54:35","guid":{"rendered":"https:\/\/www.aqualand.fr\/sainte-maxime\/?page_id=222"},"modified":"2025-08-18T09:18:00","modified_gmt":"2025-08-18T07:18:00","slug":"faq","status":"publish","type":"page","link":"https:\/\/www.aqualand.fr\/sainte-maxime\/faq\/","title":{"rendered":"F.A.Q."},"content":{"rendered":"\n<p><strong>TARIFS &amp; BILLETTERIE<\/strong><\/p>\n\n\n\n<ul class=\"wp-block-list\">\n<li><strong><u>O\u00f9 acheter mon billet d\u2019entr\u00e9e ?<\/u><\/strong><\/li>\n<\/ul>\n\n\n\n<p>Vous pouvez acheter vos billets directement en ligne sur <a href=\"http:\/\/www.aqualand.fr\">www.aqualand.fr<\/a> et acc\u00e9der directement au Parc le jour de votre visite ou aux caisses du Parc.<\/p>\n\n\n\n<p>Vous pouvez \u00e9galement acheter vos billets aupr\u00e8s de nos revendeurs partenaires (campings, grande distribution, CSE, etc.).<\/p>\n\n\n\n<ul class=\"wp-block-list\">\n<li><strong><u>Quelle est la dur\u00e9e de validit\u00e9 des billets ?<\/u><\/strong><\/li>\n<\/ul>\n\n\n\n<p>Si votre billet est dat\u00e9, celui-ci est valable uniquement sur le jour ou sur la p\u00e9riode indiqu\u00e9e sur le billet.<\/p>\n\n\n\n<p>Si votre billet est non dat\u00e9, il est valable pour toute la saison en cours.<\/p>\n\n\n\n<ul class=\"wp-block-list\">\n<li><strong><u>Quels moyens de paiements acceptez-vous ?<\/u><\/strong><\/li>\n<\/ul>\n\n\n\n<p>Nous acceptons les moyens de paiements suivants aux caisses d\u2019entr\u00e9e et dans tous les points de vente \u00e0 l\u2019int\u00e9rieur du Parc&nbsp;:<\/p>\n\n\n\n<ul class=\"wp-block-list\">\n<li>Carte Bancaire<\/li>\n\n\n\n<li>American Express<\/li>\n\n\n\n<li>Ch\u00e8ques Vacances ANCV Physiques<\/li>\n\n\n\n<li>Esp\u00e8ces<\/li>\n<\/ul>\n\n\n\n<p>Attention, nous n\u2019acceptons pas les ch\u00e8ques.<\/p>\n\n\n\n<p>Le Parc ne dispose pas de distributeurs de billets.<\/p>\n\n\n\n<p>Le Parc vous propose \u00e9galement un bracelet de paiement cashless pour r\u00e9gler vos achats sur le Parc, sans retourner \u00e0 votre casier. Le bracelet est cr\u00e9dit\u00e9 \u00e0 votre arriv\u00e9e, du montant de votre choix. Ce que vous n\u2019avez pas d\u00e9pens\u00e9 est rembours\u00e9 \u00e0 la fin de la journ\u00e9e.<\/p>\n\n\n\n<ul class=\"wp-block-list\">\n<li><strong><u>Les billets d\u2019entr\u00e9e sont-ils valides sur tous les Parcs ?<\/u><\/strong><\/li>\n<\/ul>\n\n\n\n<p>Oui, les billets sont valides sur l\u2019ensemble des Parcs sauf pour Port-Leucate.<\/p>\n\n\n\n<ul class=\"wp-block-list\">\n<li><strong><u>Comment utiliser les bons de promotion ou de r\u00e9duction ?<\/u><\/strong><\/li>\n<\/ul>\n\n\n\n<p>Les bons de promotion ou de r\u00e9duction sont valables uniquement aux caisses du Parc. Vous devrez les pr\u00e9senter \u00e0 la caisse d\u2019entr\u00e9e au moment de l\u2019achat de vos billets.<\/p>\n\n\n\n<ul class=\"wp-block-list\">\n<li><strong><u>O\u00f9 obtenir une facture pour mes billets d\u2019entr\u00e9e ?<\/u><\/strong><\/li>\n<\/ul>\n\n\n\n<p>Pour les billets achet\u00e9s aux caisses du Parc, vous pouvez demander une facture \u00e0 l\u2019accueil du Parc, le jour de votre visite.<\/p>\n\n\n\n<p>Pour les billets achet\u00e9s sur notre&nbsp;site&nbsp;Internet, aucune facture n\u2019est \u00e9mise mais vous recevrez par mail une confirmation de commande avec vos billets<\/p>\n\n\n\n<ul class=\"wp-block-list\">\n<li><strong><u>Quels sont les tarifs pour les personnes poss\u00e9dant une carte d\u2019invalidit\u00e9 ?<\/u><\/strong><\/li>\n<\/ul>\n\n\n\n<p>ATTENTION : seules les cartes CMI physiques sont admises.<\/p>\n\n\n\n<p>Aucun tarif CMI ne sera accord\u00e9 sur pr\u00e9sentation d\u2019un autre justificatif&nbsp;: attestations papier ou photocopies de cartes.<\/p>\n\n\n\n<p>Les personnes poss\u00e9dant une carte CMI b\u00e9n\u00e9ficient des tarifs suivants :<\/p>\n\n\n\n<p><strong>CMI Invalidit\u00e9:<\/strong> <\/p>\n\n\n\n<p>Tarif Adulte (\u00e0 partir de 11 ans)&nbsp;: 25\u20ac<\/p>\n\n\n\n<p>Tarif Enfant (4 \u00e0 10 ans inclus)&nbsp;: 14\u20ac<\/p>\n\n\n\n<p>1 Fast Pass offert pour le d\u00e9tenteur de la carte CMI Invalidit\u00e9.<\/p>\n\n\n\n<p>1 Fast Pass offert pour 1 accompagnateur <strong>si cela est pr\u00e9cis\u00e9 sur la carte du titulaire.<\/strong><\/p>\n\n\n\n<p>Parking offert.<\/p>\n\n\n\n<p><strong>CMI Prioritaire:<\/strong> <\/p>\n\n\n\n<p>Tarif Adulte (\u00e0 partir de 11 ans)&nbsp;: 30\u20ac<\/p>\n\n\n\n<p>Tarif Enfant (4 \u00e0 10 ans inclus)&nbsp;: 23\u20ac<\/p>\n\n\n\n<p>1 Fast Pass offert pour le d\u00e9tenteur de la carte CMI Invalidit\u00e9.<\/p>\n\n\n\n<p>1 Fast Pass offert pour 1 accompagnateur <strong>si cela est pr\u00e9cis\u00e9 sur la carte du titulaire.<\/strong><\/p>\n\n\n\n<p>Parking offert.<\/p>\n\n\n\n<p><strong>CMI Stationnement:<\/strong> <\/p>\n\n\n\n<p>Tarif Adulte (\u00e0 partir de 11 ans)&nbsp;: 32\u20ac<\/p>\n\n\n\n<p>Tarif Enfant (4 \u00e0 10 ans inclus)&nbsp;: 25\u20ac<\/p>\n\n\n\n<p>Parking offert.<\/p>\n\n\n\n<ul class=\"wp-block-list\">\n<li><strong><u>Y a-t-il un tarif pour les accompagnants des personnes ayant la carte PMR ?<\/u><\/strong><\/li>\n<\/ul>\n\n\n\n<p>Il n\u2019y a pas de tarif pour les accompagnants.<\/p>\n\n\n\n<ul class=\"wp-block-list\">\n<li><strong><u>Existe-t-il un tarif pour les femmes enceintes ?<\/u><\/strong><\/li>\n<\/ul>\n\n\n\n<p>L\u2019entr\u00e9e au Parc est offerte aux femmes enceintes de plus de 6 mois uniquement sur pr\u00e9sentation d\u2019un justificatif m\u00e9dical et d\u2019une pi\u00e8ce d\u2019identit\u00e9 aux caisses du Parc. Sans justificatif \u00e9crit, le plein tarif Adulte sera appliqu\u00e9.<\/p>\n\n\n\n<ul class=\"wp-block-list\">\n<li><strong><u>Existe-t-il un tarif militaire, carte presse, \u00e9tudiant ou demandeur d\u2019emploi ?<\/u><\/strong><\/li>\n<\/ul>\n\n\n\n<p>Il n\u2019y a pas de tarifs sp\u00e9cifiques pour les militaires, les \u00e9tudiants ou les demandeurs d\u2019emploi.<\/p>\n\n\n\n<ul class=\"wp-block-list\">\n<li><strong><u>Puis-je acheter un Fast-Pass ?<\/u><\/strong><\/li>\n<\/ul>\n\n\n\n<p>Le parc Aqualand Sainte-Maxime ne propose pas de Fast Pass.<\/p>\n\n\n\n<ul class=\"wp-block-list\">\n<li><strong><u>Comment puis-je me procurer mon billet 2<sup>\u00e8me<\/sup> visite ?<\/u><\/strong><\/li>\n<\/ul>\n\n\n\n<p>Les billets 2<sup>\u00e8me<\/sup> visite s\u2019ach\u00e8tent obligatoirement le jour de votre 1<sup>\u00e8re<\/sup> visite. Vous pouvez les acheter en vous pr\u00e9sentant \u00e0 l\u2019accueil du Parc avant 17h, avec votre billet du jour et votre pi\u00e8ce d\u2019identit\u00e9.<\/p>\n\n\n\n<ul class=\"wp-block-list\">\n<li><strong><u>Quelles sont les pi\u00e8ces justificatives \u00e0 fournir pour l\u2019\u00e9dition de mon Pass Saison ?<\/u><\/strong><\/li>\n<\/ul>\n\n\n\n<p>Pour l\u2019\u00e9dition d\u2019un Pass Saison, nous avons besoin des pi\u00e8ces justificatives suivantes :<\/p>\n\n\n\n<ul class=\"wp-block-list\">\n<li>Une pi\u00e8ce d\u2019identit\u00e9<\/li>\n\n\n\n<li>Un justificatif de domicile de moins de 3 mois (si mineur : justificatif de domicile du repr\u00e9sentant l\u00e9gal + attestation d\u2019h\u00e9bergement).<\/li>\n<\/ul>\n\n\n\n<p><\/p>\n\n\n\n<ul class=\"wp-block-list\">\n<li><strong><u>Acceptez-vous les \u00ab bons CAF \u00bb ?<\/u><\/strong><\/li>\n<\/ul>\n\n\n\n<p>Nous n\u2019acceptons pas ce mode de r\u00e8glement sur le Parc.<\/p>\n\n\n\n<ul class=\"wp-block-list\">\n<li><strong><u>C\u2019est mon anniversaire, est-ce que l\u2019entr\u00e9e est offerte ?<\/u><\/strong><\/li>\n<\/ul>\n\n\n\n<p>Le Parc n\u2019organise pas les anniversaires et n\u2019offre pas d\u2019avantages si vous venez le jour de votre anniversaire.<\/p>\n\n\n\n<p><strong>ATTRACTIONS<\/strong><\/p>\n\n\n\n<ul class=\"wp-block-list\">\n<li><strong><u>Y a-t-il des restrictions dans les attractions ?<\/u><\/strong><\/li>\n<\/ul>\n\n\n\n<p>Pour votre s\u00e9curit\u00e9, certaines attractions n\u00e9cessitent une taille minimale voire un poids minimum ou maximum.<\/p>\n\n\n\n<p>Vous trouverez les restrictions de chaque attraction sur notre site Internet, mais \u00e9galement \u00e0 l\u2019entr\u00e9e et au d\u00e9part de chaque attraction.<\/p>\n\n\n\n<ul class=\"wp-block-list\">\n<li><strong><u>Est-ce que toutes attractions sont ouvertes ?<\/u><\/strong><\/li>\n<\/ul>\n\n\n\n<p>En fonction de leur configuration, les attractions du Parc peuvent \u00eatre ferm\u00e9es temporairement pour maintenance. Un avis sera communiqu\u00e9 \u00e0 l\u2019entr\u00e9e du Parc.<\/p>\n\n\n\n<ul class=\"wp-block-list\">\n<li><strong><u>Mon enfant ne sait pas nager, puis-je venir avec lui \u00e0 Aqualand ?<\/u><\/strong><\/li>\n<\/ul>\n\n\n\n<p>Pour que votre enfant profite pleinement du Parc et s\u2019amuse en toute s\u00e9curit\u00e9, le port de brassards ou d\u2019un gilet de s\u00e9curit\u00e9 est obligatoire dans le Parc et pour l\u2019ensemble des attractions.<\/p>\n\n\n\n<ul class=\"wp-block-list\">\n<li><strong><u>Est-ce que l\u2019eau des attractions est chauff\u00e9e ?<\/u><\/strong><\/li>\n<\/ul>\n\n\n\n<p>Toutes les attractions ne sont pas chauff\u00e9es, seulement certaines d\u2019entre-elles. Vous trouverez cette information \u00e0 l\u2019accueil du Parc.<\/p>\n\n\n\n<ul class=\"wp-block-list\">\n<li><strong><u>Les attractions ferment-elles plus t\u00f4t le soir ?<\/u><\/strong><\/li>\n<\/ul>\n\n\n\n<p>La majeure partie de nos attractions s\u2019arr\u00eatent 30mn avant la fermeture du Parc.<\/p>\n\n\n\n<p>En cas de forte affluence, les files d\u2019attentes des attractions peuvent \u00eatre ferm\u00e9es de fa\u00e7on anticip\u00e9e.<\/p>\n\n\n\n<ul class=\"wp-block-list\">\n<li><strong><u>Le Parc reste-t-il ouvert en cas de mauvais temps ?<\/u><\/strong><\/li>\n<\/ul>\n\n\n\n<p>Notre priorit\u00e9 reste votre s\u00e9curit\u00e9. En cas de mauvaises conditions m\u00e9t\u00e9orologiques, certaines attractions ou l\u2019ensemble du Parc peuvent fermer partiellement ou totalement.<\/p>\n\n\n\n<p>Pour toutes conditions ind\u00e9pendantes de la volont\u00e9 du Parc (mauvaise conditions m\u00e9t\u00e9orologiques, probl\u00e8mes techniques, etc.\u2026) provoquant la fermeture temporaire ou totale de certaines attractions ou de l\u2019ensemble du Parc, aucun remboursement, partiel ou total, ne pourra \u00eatre effectu\u00e9.<\/p>\n\n\n\n<p><strong>TENUES &amp; ACCESSOIRES<\/strong><\/p>\n\n\n\n<ul class=\"wp-block-list\">\n<li><strong><u>Quelles sont les tenues de bain autoris\u00e9es ?<\/u><\/strong><\/li>\n<\/ul>\n\n\n\n<p>Les maillots de bain (une ou deux pi\u00e8ces) et les shorts de bain sont les seules tenues autoris\u00e9es pour se baigner.<\/p>\n\n\n\n<p>Les T-shirts en lycra ou en mati\u00e8res anti-UV aquatiques sont \u00e9galement accept\u00e9s au-dessus des genoux et des coudes. Tout autre textile est strictement interdit lors de la baignade.<\/p>\n\n\n\n<p>Les maillots int\u00e9graux \u00ab burkinis \u00bb (et la pratique du topless) sont interdits.<\/p>\n\n\n\n<ul class=\"wp-block-list\">\n<li><strong><u>Est-il possible de rester habill\u00e9 dans le Parc si je ne me baigne pas ?<\/u><\/strong><\/li>\n<\/ul>\n\n\n\n<p>Les textiles sont tol\u00e9r\u00e9s en dehors de l\u2019eau.<\/p>\n\n\n\n<ul class=\"wp-block-list\">\n<li><strong><u>Les flotteurs (bou\u00e9es pour enfants, brassards et gilets) sont-ils autoris\u00e9s dans les bassins et les attractions ?<\/u><\/strong><\/li>\n<\/ul>\n\n\n\n<p>Si votre enfant est non-nageur et si vous disposez de flotteurs, vous pouvez venir avec&nbsp;; Ils sont m\u00eame obligatoires pour acc\u00e9der aux bassins et aux attractions.<\/p>\n\n\n\n<p>Pour que votre enfant profite pleinement de l\u2019eau en toute s\u00e9curit\u00e9, nous vous recommandons le port de brassards ou du gilet de s\u00e9curit\u00e9. La bou\u00e9e est moins bien adapt\u00e9e et pourra \u00eatre refus\u00e9e \u00e0 certaines attractions.<\/p>\n\n\n\n<p>Tous nos bassins sont surveill\u00e9s par du personnel dipl\u00f4m\u00e9, en cas de doute, adressez-vous \u00e0 eux.<\/p>\n\n\n\n<p>En cas d&#8217;oubli, des brassards sont en vente \u00e0 la boutique du Parc.<\/p>\n\n\n\n<ul class=\"wp-block-list\">\n<li><strong><u>Quels sont les accessoires interdits dans les attractions ?<\/u><\/strong><\/li>\n<\/ul>\n\n\n\n<p>Les chapeaux et casquettes, les lunettes de soleil, de vue, de plong\u00e9e, les masques, les bandanas, les tee-shirts en coton, et tout autre v\u00eatement ne sont pas autoris\u00e9s dans les bassins et les attractions.<\/p>\n\n\n\n<p>Nous vous recommandons \u00e9galement de retirer vos piercings, boucles d\u2019oreilles, et bijoux.<\/p>\n\n\n\n<ul class=\"wp-block-list\">\n<li><strong><u>Les GoPro sont-elles autoris\u00e9es dans les attractions ?<\/u><\/strong><\/li>\n<\/ul>\n\n\n\n<p>Les GoPro ne sont pas autoris\u00e9es dans les toboggans.<\/p>\n\n\n\n<ul class=\"wp-block-list\">\n<li><strong><u>Puis-je venir avec mon parasol&nbsp;? Une chaise longue&nbsp;? Un matelas pneumatique&nbsp;?<\/u><\/strong><\/li>\n<\/ul>\n\n\n\n<p>Tous les articles de camping de type chaise, parasol, transat, table, tente pour b\u00e9b\u00e9 ne sont pas autoris\u00e9s dans l\u2019enceinte du Parc.<\/p>\n\n\n\n<p>Vous trouverez sur place des espaces de pique-nique, de l\u2019ombrage et un service de location de transats.<\/p>\n\n\n\n<p>Les ballons, articles de plage, matelas et bou\u00e9e pneumatiques sont \u00e9galement interdits dans le Parc.<\/p>\n\n\n\n<p><strong>VESTIAIRES<\/strong><\/p>\n\n\n\n<ul class=\"wp-block-list\">\n<li><strong><u>O\u00f9 puis-je d\u00e9poser mes affaires&nbsp;?<\/u><\/strong><\/li>\n<\/ul>\n\n\n\n<p>Des casiers sont \u00e0 votre disposition en location \u00e0 l&#8217;entr\u00e9e du Parc.<\/p>\n\n\n\n<p>Le tarif est de 5\u20ac pour la journ\u00e9e. La contenance est de 50L soit environ 2 gros sacs \u00e0 dos.<\/p>\n\n\n\n<p>L\u2019utilisation des casiers n\u2019est pas obligatoire, vous pouvez faire le choix de conserver vos affaires avec vous sur le Parc, vos effets personnels restent sous votre vigilance, la direction d\u00e9clinant toute responsabilit\u00e9 en cas de perte ou de vol.<\/p>\n\n\n\n<ul class=\"wp-block-list\">\n<li><strong><u>Y-a-t-il des vestiaires et des douches \u00e0 disposition ?<\/u><\/strong><\/li>\n<\/ul>\n\n\n\n<p>Oui, vous trouverez des sanitaires et des vestiaires \u00e0 l&#8217;entr\u00e9e du Parc.<\/p>\n\n\n\n<p><strong>RESTAURATION<\/strong><\/p>\n\n\n\n<ul class=\"wp-block-list\">\n<li><strong><u>Puis-je me restaurer sur place ?<\/u><\/strong><\/li>\n<\/ul>\n\n\n\n<p>Nous vous proposons une offre diversifi\u00e9e de restauration : Fast-food, pizz\u00e9ria, caf\u00e9t\u00e9ria, grill, sandwicherie, cr\u00eaperie, bar, glacier\u2026<\/p>\n\n\n\n<ul class=\"wp-block-list\">\n<li><strong><u>Peut-on pique-niquer \u00e0 Aqualand ?<\/u><\/strong><\/li>\n<\/ul>\n\n\n\n<p>Vous pouvez pique-niquer dans les espaces pr\u00e9vus \u00e0 cet effet dans l\u2019enceinte du Parc. Il est strictement interdit de pique-niquer en dehors de ces espaces.<\/p>\n\n\n\n<p>Nous offrons aussi un service de restauration&nbsp;: Fast-food, pizz\u00e9ria, sandwicherie, grill, caf\u00e9t\u00e9ria, snack, glaces etc. Vous trouverez tous les points de restauration dans le plan du Parc Aqualand choisi.<\/p>\n\n\n\n<p>Information importante pour pr\u00e9parer votre pique-nique&nbsp;: Tous les articles en verre (bouteilles ou r\u00e9cipients) sont strictement interdits. De m\u00eame que les couverts, les objets tranchants, l\u2019alcool, et le mobilier de camping du type chaises, tentes et tables de camping.<\/p>\n\n\n\n<p><strong>ACCES &amp; PARKING<\/strong><\/p>\n\n\n\n<ul class=\"wp-block-list\">\n<li><strong><u>Peut-on ressortir du Parc une fois \u00e0 l\u2019int\u00e9rieur ?<\/u><\/strong><\/li>\n<\/ul>\n\n\n\n<p>Toute sortie du Parc est d\u00e9finitive.<\/p>\n\n\n\n<p>Nous vous recommandons de ne rien oublier dans votre v\u00e9hicule.<\/p>\n\n\n\n<ul class=\"wp-block-list\">\n<li><strong><u>O\u00f9 puis-je me garer avec ma voiture ? mon camping-car ?<\/u><\/strong><\/li>\n<\/ul>\n\n\n\n<p>Nos parkings ne sont pas accessibles aux camping-cars.<\/p>\n\n\n\n<p>Pour plus d\u2019informations sur le stationnement de votre voiture, rendez-vous dans la rubrique \u00ab Services \u00bb de notre site Internet.<\/p>\n\n\n\n<p><strong>MESURES SANITAIRES<\/strong><\/p>\n\n\n\n<ul class=\"wp-block-list\">\n<li><strong><u>COVID 19 : quelles sont les mesures sanitaires prises par le Parc ?<\/u><\/strong><\/li>\n<\/ul>\n\n\n\n<p>En accord avec la pr\u00e9fecture et l\u2019agence de sant\u00e9, Aqualand a \u00e9tabli un protocole sanitaire, sp\u00e9cialement pens\u00e9 pour accueillir nos visiteurs avec un maximum de s\u00e9curit\u00e9&nbsp;:<\/p>\n\n\n\n<p>&nbsp;&nbsp;&nbsp; &#8211; D\u00e8s l\u2019entr\u00e9e du Parc, des panneaux signal\u00e9tiques vous rappellent les r\u00e8gles d\u2019hygi\u00e8ne et les mesures de distanciation \u00e0 respecter.<\/p>\n\n\n\n<p>&nbsp; &#8211; De nombreux points de distribution de gel hydroalcoolique sont install\u00e9s dans tout le Parc.<\/p>\n\n\n\n<p>&nbsp; &#8211; A chaque file d\u2019attente, vous trouverez un marquage au sol pour vous permettre de respecter les distanciations physiques.<\/p>\n\n\n\n<p>&nbsp;&#8211; Le port du masque est fortement recommand\u00e9 dans les lieux non-aquatique comme la boutique, les vestiaires, et les files d\u2019attente \u00e0 l\u2019entr\u00e9e du Parc et en restauration.<\/p>\n\n\n\n<p>&#8211; Un message sonore est diffus\u00e9 plusieurs fois dans la journ\u00e9e pour vous rappeler les r\u00e8gles \u00e0 respecter dans l&#8217;enceinte du Parc.<\/p>\n\n\n\n<p>&#8211;&nbsp; Le nombre d&#8217;entr\u00e9es est \u00e9galement limit\u00e9 dans l&#8217;enceinte du Parc<\/p>\n\n\n\n<p><strong>DIVERS<\/strong><\/p>\n\n\n\n<ul class=\"wp-block-list\">\n<li><strong><u>Le Parc est-il accessible aux personnes \u00e0 mobilit\u00e9 r\u00e9duite ?<\/u><\/strong><\/li>\n<\/ul>\n\n\n\n<p>L\u2019ensemble du Parc est accessible aux personnes atteintes d\u2019un handicap. Une partie de nos espaces est accessible aux personnes \u00e0 mobilit\u00e9 r\u00e9duite, mais pas la totalit\u00e9 du Parc. L\u2019acc\u00e8s \u00e9tant r\u00e9glement\u00e9 en fonction des conditions de s\u00e9curit\u00e9.<\/p>\n\n\n\n<ul class=\"wp-block-list\">\n<li><strong><u>Les animaux sont-ils autoris\u00e9s ?<\/u><\/strong><\/li>\n<\/ul>\n\n\n\n<p>Seuls les animaux d\u2019assistance aux personnes en situation de handicap sont admis \u00e0 l\u2019int\u00e9rieur du Parc.<\/p>\n\n\n\n<p>Ils doivent \u00eatre tenus en laisse et rester sous la garde du propri\u00e9taire. Leur acc\u00e8s est refus\u00e9 aux attractions.<\/p>\n\n\n\n<ul class=\"wp-block-list\">\n<li><strong><u>Le Parc est-il accessible aux poussettes ?<\/u><\/strong><\/li>\n<\/ul>\n\n\n\n<p>Le Parc est accessible aux poussettes. Cependant, pour acc\u00e9der \u00e0 certains espaces, le passage par les p\u00e9diluves sera obligatoire.<\/p>\n\n\n\n<ul class=\"wp-block-list\">\n<li><strong><u>Y-a-t-il une prise en charge, une proc\u00e9dure \u00e0 suivre si mon enfant s\u2019\u00e9gare ?<\/u><\/strong><\/li>\n<\/ul>\n\n\n\n<p>Les enfants \u00e9gar\u00e9s sont pris en charge par le personnel d\u2019Aqualand et conduit directement \u00e0 l\u2019accueil. Si votre enfant a \u00e9chapp\u00e9 \u00e0 votre vigilance et qu\u2019il ne sait pas nager, pr\u00e9venez imm\u00e9diatement le sauveteur le plus proche pour qu\u2019il d\u00e9clenche l\u2019alerte aupr\u00e8s de ses coll\u00e8gues.<\/p>\n\n\n\n<p>Nous vous rappelons que les mineurs sont sous la surveillance de leurs parents ou accompagnateurs. Les sauveteurs ne peuvent en aucun cas prendre en charge la responsabilit\u00e9 de vos enfants.<\/p>\n\n\n\n<p>Aucun appel via la sonorisation du Parc ne peut \u00eatre pass\u00e9. Au moment de votre arriv\u00e9 au Parc, nous vous recommandons de d\u00e9finir avec votre enfant un point de rencontre.<\/p>\n\n\n\n<ul class=\"wp-block-list\">\n<li><strong><u>Puis-je laisser mes enfants mineurs passer la journ\u00e9e dans le Parc sans accompagnant ?<\/u><\/strong><\/li>\n<\/ul>\n\n\n\n<p>Les enfants (de moins de 13 ans) doivent obligatoirement \u00eatre accompagn\u00e9s d\u2019un parent ou adulte responsable pour pouvoir acc\u00e9der au Parc. Ils doivent rester en permanence sous la responsabilit\u00e9 et la surveillance d\u2019un adulte accompagnant.<\/p>\n\n\n\n<p>L\u2019acc\u00e8s aux attractions est conditionn\u00e9 \u00e0 des tailles. Tout enfant n\u2019ayant pas la taille minimale se verra refuser l\u2019acc\u00e8s \u00e0 l\u2019attraction, m\u00eame accompagn\u00e9 d\u2019un adulte. Vous trouverez sur notre site internet, les modalit\u00e9s d\u2019acc\u00e8s de chaque attraction.<\/p>\n\n\n\n<ul class=\"wp-block-list\">\n<li><strong><u>Puis-je fumer dans le Parc ?<\/u><\/strong><\/li>\n<\/ul>\n\n\n\n<p>Fumer est autoris\u00e9 UNIQUEMENT dans les espaces fumeurs d\u00e9di\u00e9s.<\/p>\n\n\n\n<p>Pour des raisons \u00e9videntes de s\u00e9curit\u00e9, nous demandons aux fumeurs de ne pas jeter les m\u00e9gots par terre.<\/p>\n\n\n\n<ul class=\"wp-block-list\">\n<li><strong><u>Je suis diab\u00e9tique, o\u00f9 puis-je stocker mon insuline ?<\/u><\/strong><\/li>\n<\/ul>\n\n\n\n<p>Pour les clients ayant besoin d\u2019insuline, vous pouvez entreposer votre insuline dans notre infirmerie.<\/p>\n\n\n\n<p>Pour cela, adressez-vous directement \u00e0 l\u2019infirmerie ou aupr\u00e8s des ma\u00eetres-nageurs de la piscine.<\/p>\n\n\n\n<ul class=\"wp-block-list\">\n<li><strong><u>Puis-je me baigner avec un pl\u00e2tre ?<\/u><\/strong><\/li>\n<\/ul>\n\n\n\n<p>La baignade n\u2019est pas autoris\u00e9e avec les pl\u00e2tres blancs, m\u00eame recouvert d\u2019un film plastique.<\/p>\n\n\n\n<p>Si vous avez un pl\u00e2tre vert recouvert d\u2019un film plastique scratch\u00e9, la baignade est tol\u00e9r\u00e9e, mais la majeure partie de nos attractions ne vous sera pas accessible.<\/p>\n\n\n\n<ul class=\"wp-block-list\">\n<li><strong><u>Quels sont les jours de fortes fr\u00e9quentations ?<\/u><\/strong><\/li>\n<\/ul>\n\n\n\n<p>Durant les mois de Juillet et Ao\u00fbt, les jours de fortes fr\u00e9quentations sont le mercredi et le jeudi.<\/p>\n","protected":false},"excerpt":{"rendered":"<p>TARIFS &amp; BILLETTERIE Vous pouvez acheter vos billets directement en ligne sur www.aqualand.fr et acc\u00e9der directement au Parc le jour de votre visite ou aux caisses du Parc. Vous pouvez \u00e9galement acheter vos billets aupr\u00e8s de nos revendeurs partenaires (campings, grande distribution, CSE, etc.). Si votre billet est dat\u00e9, celui-ci est valable uniquement sur le [&hellip;]<\/p>\n","protected":false},"author":1,"featured_media":0,"parent":0,"menu_order":0,"comment_status":"closed","ping_status":"closed","template":"","meta":{"_acf_changed":false,"footnotes":""},"class_list":["post-222","page","type-page","status-publish","hentry"],"acf":[],"aioseo_notices":[],"_links":{"self":[{"href":"https:\/\/www.aqualand.fr\/sainte-maxime\/wp-json\/wp\/v2\/pages\/222","targetHints":{"allow":["GET"]}}],"collection":[{"href":"https:\/\/www.aqualand.fr\/sainte-maxime\/wp-json\/wp\/v2\/pages"}],"about":[{"href":"https:\/\/www.aqualand.fr\/sainte-maxime\/wp-json\/wp\/v2\/types\/page"}],"author":[{"embeddable":true,"href":"https:\/\/www.aqualand.fr\/sainte-maxime\/wp-json\/wp\/v2\/users\/1"}],"replies":[{"embeddable":true,"href":"https:\/\/www.aqualand.fr\/sainte-maxime\/wp-json\/wp\/v2\/comments?post=222"}],"version-history":[{"count":10,"href":"https:\/\/www.aqualand.fr\/sainte-maxime\/wp-json\/wp\/v2\/pages\/222\/revisions"}],"predecessor-version":[{"id":469,"href":"https:\/\/www.aqualand.fr\/sainte-maxime\/wp-json\/wp\/v2\/pages\/222\/revisions\/469"}],"wp:attachment":[{"href":"https:\/\/www.aqualand.fr\/sainte-maxime\/wp-json\/wp\/v2\/media?parent=222"}],"curies":[{"name":"wp","href":"https:\/\/api.w.org\/{rel}","templated":true}]}}