

{"id":40,"date":"2019-04-25T16:49:18","date_gmt":"2019-04-25T14:49:18","guid":{"rendered":"https:\/\/www.aqualand.fr\/sainte-maxime\/?page_id=40"},"modified":"2022-07-04T14:02:11","modified_gmt":"2022-07-04T12:02:11","slug":"politique-de-confidentialite","status":"publish","type":"page","link":"https:\/\/www.aqualand.fr\/sainte-maxime\/politique-de-confidentialite\/","title":{"rendered":"Politique de Confidentialit\u00e9"},"content":{"rendered":"<p>En suivant les principes de l\u00e9galit\u00e9, de loyaut\u00e9 et de transparence, nous mettons \u00e0 votre disposition les donn\u00e9es suivantes afin de vous informer sur le traitement de vos donn\u00e9es personnelles&nbsp;:<\/p>\n<p>&nbsp;<\/p>\n<p>En suivant les principes de l\u00e9galit\u00e9, de loyaut\u00e9 et de transparence, nous mettons \u00e0 votre disposition la Politique de Confidentialit\u00e9 suivante&nbsp;:<\/p>\n<p>&nbsp;<\/p>\n<p style=\"text-align: left;\"><strong>Qui est responsable du traitement de vos donn\u00e9es?<\/strong><\/p>\n<ul>\n<li>Aqualand S.A<\/li>\n<li>CIF: FR &#8211; 83324592708<\/li>\n<li>SIEGE SOCIAL: Les Bosquettes CD 25, Ste. Maxime, 83120.<\/li>\n<li>Email:&nbsp;<a href=\"mailto:GDPR@aqualand.fr\">GDPR@aqualand.fr<\/a><\/li>\n<li>T\u00e9l\u00e9phone: <a class=\"tel\">04 94 55 54 54<\/a><\/li>\n<li><a name=\"_Toc477433877\"><\/a><a name=\"_Toc477506902\"><\/a>Organisme de Protection des Donn\u00e9es&nbsp;: CNIL<\/li>\n<\/ul>\n<p>&nbsp;<\/p>\n<p style=\"text-align: left;\"><strong>Dans quel but traitons-nous vos donn\u00e9es personnelles ?<\/strong><\/p>\n<p>Nous traitons vos donn\u00e9es personnelles dans le but de g\u00e9rer au mieux la relation contractuelle qui nous unit, de faciliter l&#8217;envoi de l&#8217;information que &nbsp;vous sollicitez, de vous fournir des offres de services et\/ou de produits adapt\u00e9es \u00e0 vos besoins et\/ou dans le but de traiter au mieux votre candidature.<\/p>\n<p>&nbsp;<\/p>\n<p style=\"text-align: left;\"><strong>Combien de temps conserverons-nous vos donn\u00e9es personnelles ?<\/strong><\/p>\n<p>Vos donn\u00e9es seront conserv\u00e9es le temps n\u00e9cessaire pour vous garantir le meilleur service possible ainsi que pour s&#8217;assurer des responsabilit\u00e9s qui pourraient d\u00e9river de m\u00eame et de n&#8217;importe quelle autre exigence l\u00e9gale.<\/p>\n<p>&nbsp;<\/p>\n<p style=\"text-align: left;\"><strong>Quelle est la l\u00e9gitimit\u00e9 du traitement de vos donn\u00e9es ?<\/strong><\/p>\n<p>La base l\u00e9gale pour le traitement de vos donn\u00e9es personnelles peut \u00eatre l&#8217;ex\u00e9cution d&#8217;une relation contractuelle potentielle et\/ou souscrite, l&#8217;int\u00e9r\u00eat l\u00e9gitime, l&#8217;habilitation l\u00e9gale et\/ou votre propre consentement. Les donn\u00e9es que nous vous demandons sont appropri\u00e9es, pertinentes et strictement n\u00e9cessaires. Dans aucun cas vous n\u2019\u00eates oblig\u00e9 de nous fournir ces informations toutefois le fait de non fournir ces informations pourrait affecter la qualit\u00e9 de services fournis ou l\u2019impossibilit\u00e9 de l\u2019accomplir.<\/p>\n<p>&nbsp;<\/p>\n<p style=\"text-align: left;\"><strong>\u00c0 qui communiquerons-nous vos donn\u00e9es ?<\/strong><\/p>\n<p style=\"text-align: left;\">Aqualand S.A. ne communiquera pas vos donn\u00e9es personnelles \u00e0 un tiers, sauf accord express de votre part.<\/p>\n<p>&nbsp;<\/p>\n<p style=\"text-align: left;\"><strong>Quels sont vos droits sur les donn\u00e9es fournies ?<\/strong><\/p>\n<p>Le titulaire des donn\u00e9es fournies b\u00e9n\u00e9ficie des droits suivants :<\/p>\n<ul>\n<li>Droit \u00e0 solliciter l&#8217;acc\u00e8s \u00e0 ses donn\u00e9es personnelles<\/li>\n<li>Droit de rectification ou de suppression<\/li>\n<li>Droit d&#8217;opposition<\/li>\n<li>Droit \u00e0 solliciter la limitation de son traitement<\/li>\n<li>Droit \u00e0 la portabilit\u00e9 des donn\u00e9es<\/li>\n<\/ul>\n<p>Si vous souhaitez exercer ces droits de protection de donn\u00e9es personnelles veuillez nous adresser soit une demande \u00e9crite au si\u00e8ge social d&#8217;Aqualand S.A. soit un courrier \u00e9lectronique \u00e0 l\u2019adresse suivante&nbsp;<a href=\"mailto:GDPR@aqualand.fr\">GDPR@aqualand.fr<\/a>&nbsp;, en incluant dans les deux cas une copie (photocopie ou scan) de votre pi\u00e8ce d\u2019identit\u00e9 ou d\u2019un document officiel justifiant votre identit\u00e9.<\/p>\n<p>Des mod\u00e8les de formulaire et toute autre information sur vos droits sont disponibles sur le site Internet de la CNIL (Commission Nationale de l\u2019Information et des Libert\u00e9s) <a href=\"http:\/\/www.cnil.fr\">www.cnil.fr<\/a><\/p>\n<p>&nbsp;<\/p>\n<p style=\"text-align: left;\"><strong>Puis-je &nbsp;annuler mon consentement ?<\/strong><\/p>\n<p>Vous pouvez demander \u00e0 acc\u00e9der aux informations personnelles dont nous disposons \u00e0 votre sujet et nous demander de les modifier ou de les supprimer.<\/p>\n<p>&nbsp;<\/p>\n<p style=\"text-align: left;\"><strong>Comment puis-je modifier mes donn\u00e9es&nbsp;?<\/strong><\/p>\n<p>Si vous consid\u00e9rez que vos donn\u00e9es ne sont pas trait\u00e9es correctement par Aqualand S.A. vous pouvez nous adresser votre r\u00e9clamation par courrier \u00e9lectronique \u00e0 l\u2019adresse suivante&nbsp;<a href=\"mailto:GDPR@aqualand.fr\">GDPR@aqualand.fr<\/a>&nbsp;ou \u00e0 l&#8217;autorit\u00e9 de protection de donn\u00e9es aupr\u00e8s de la CNIL <a href=\"http:\/\/www.cnil.fr\">www.cnil.fr<\/a><\/p>\n<p>&nbsp;<\/p>\n<p style=\"text-align: left;\"><strong>Une S\u00e9curit\u00e9 et une actualisation de vos donn\u00e9es personnelles<\/strong><\/p>\n<p>Avec l&#8217;objectif de sauvegarder la s\u00e9curit\u00e9 de vos donn\u00e9es personnelles, nous vous informons qu&#8217;Aqualand S.A. a adopt\u00e9 toutes les mesures n\u00e9cessaires \u00e0 caract\u00e8re technique et organisationnel pour vous garantir la s\u00e9curit\u00e9 des donn\u00e9es personnelles fournies. Tout cela afin d\u2019\u00e9viter son alt\u00e9ration, perte, et\/ou des traitements ou acc\u00e8s non autoris\u00e9s, comme la r\u00e9glementation l\u2019exige, bien que la s\u00e9curit\u00e9 absolue n&#8217;existe pas.<\/p>\n<p>Aussi, afin de maintenir ses donn\u00e9es personnelles actualis\u00e9es, il est important que vous nous informiez chaque fois qu&#8217;une modification est n\u00e9cessaire.<\/p>\n<p>&nbsp;<\/p>\n<p style=\"text-align: left;\"><strong>Confidentialit\u00e9<\/strong><\/p>\n<p>Aqualand S.A. vous informe que vos donn\u00e9es seront trait\u00e9es avec la plus grande vigilance et confidentialit\u00e9 par tout le personnel qui intervient dans toutes les \u00e9tapes du traitement de ces derni\u00e8res. Nous ne c\u00e9derons pas, ni ne communiquerons \u00e0 un tiers vos donn\u00e9es, except\u00e9 dans les cas pr\u00e9vus l\u00e9galement, ou si vous nous en donnez l\u2019autorisation expresse.<\/p>\n","protected":false},"excerpt":{"rendered":"<p>En suivant les principes de l\u00e9galit\u00e9, de loyaut\u00e9 et de transparence, nous mettons \u00e0 votre disposition les donn\u00e9es suivantes afin de vous informer sur le traitement de vos donn\u00e9es personnelles&nbsp;: &nbsp; En suivant les principes de l\u00e9galit\u00e9, de loyaut\u00e9 et de transparence, nous mettons \u00e0 votre disposition la Politique de Confidentialit\u00e9 suivante&nbsp;: &nbsp; Qui est [&hellip;]<\/p>\n","protected":false},"author":1,"featured_media":0,"parent":0,"menu_order":0,"comment_status":"closed","ping_status":"closed","template":"","meta":{"_acf_changed":false,"footnotes":""},"class_list":["post-40","page","type-page","status-publish","hentry"],"acf":[],"aioseo_notices":[],"_links":{"self":[{"href":"https:\/\/www.aqualand.fr\/sainte-maxime\/wp-json\/wp\/v2\/pages\/40","targetHints":{"allow":["GET"]}}],"collection":[{"href":"https:\/\/www.aqualand.fr\/sainte-maxime\/wp-json\/wp\/v2\/pages"}],"about":[{"href":"https:\/\/www.aqualand.fr\/sainte-maxime\/wp-json\/wp\/v2\/types\/page"}],"author":[{"embeddable":true,"href":"https:\/\/www.aqualand.fr\/sainte-maxime\/wp-json\/wp\/v2\/users\/1"}],"replies":[{"embeddable":true,"href":"https:\/\/www.aqualand.fr\/sainte-maxime\/wp-json\/wp\/v2\/comments?post=40"}],"version-history":[{"count":2,"href":"https:\/\/www.aqualand.fr\/sainte-maxime\/wp-json\/wp\/v2\/pages\/40\/revisions"}],"predecessor-version":[{"id":308,"href":"https:\/\/www.aqualand.fr\/sainte-maxime\/wp-json\/wp\/v2\/pages\/40\/revisions\/308"}],"wp:attachment":[{"href":"https:\/\/www.aqualand.fr\/sainte-maxime\/wp-json\/wp\/v2\/media?parent=40"}],"curies":[{"name":"wp","href":"https:\/\/api.w.org\/{rel}","templated":true}]}}