{"id":6945,"date":"2022-02-10T17:43:40","date_gmt":"2022-02-10T16:43:40","guid":{"rendered":"https:\/\/freelanceslagence.fr\/images_clients\/AQUA-GSE\/?page_id=6945"},"modified":"2022-02-10T18:03:07","modified_gmt":"2022-02-10T17:03:07","slug":"mentions","status":"publish","type":"page","link":"https:\/\/www.aqualand.fr\/tarifsb2bsaison2022sudest\/mentions\/","title":{"rendered":"Mentions L\u00e9gales"},"content":{"rendered":"\t\t<div data-elementor-type=\"wp-page\" data-elementor-id=\"6945\" class=\"elementor elementor-6945\" data-elementor-settings=\"[]\">\n\t\t\t\t\t\t\t<div class=\"elementor-section-wrap\">\n\t\t\t\t\t\t\t<section class=\"elementor-section elementor-top-section elementor-element elementor-element-34da648 elementor-section-boxed elementor-section-height-default elementor-section-height-default\" data-id=\"34da648\" data-element_type=\"section\">\n\t\t\t\t\t\t<div class=\"elementor-container elementor-column-gap-default\">\n\t\t\t\t\t<div class=\"elementor-column elementor-col-100 elementor-top-column elementor-element elementor-element-30a4f28\" data-id=\"30a4f28\" data-element_type=\"column\">\n\t\t\t<div class=\"elementor-widget-wrap\">\n\t\t\t\t\t\t\t\t\t<\/div>\n\t\t<\/div>\n\t\t\t\t\t\t\t<\/div>\n\t\t<\/section>\n\t\t\t\t<section class=\"elementor-section elementor-top-section elementor-element elementor-element-2cba15c elementor-section-boxed elementor-section-height-default elementor-section-height-default\" data-id=\"2cba15c\" data-element_type=\"section\">\n\t\t\t\t\t\t<div class=\"elementor-container elementor-column-gap-default\">\n\t\t\t\t\t<div class=\"elementor-column elementor-col-100 elementor-top-column elementor-element elementor-element-5457c90\" data-id=\"5457c90\" data-element_type=\"column\">\n\t\t\t<div class=\"elementor-widget-wrap elementor-element-populated\">\n\t\t\t\t\t\t\t\t<div class=\"elementor-element elementor-element-25dd06b elementor-widget elementor-widget-text-editor\" data-id=\"25dd06b\" data-element_type=\"widget\" data-widget_type=\"text-editor.default\">\n\t\t\t\t<div class=\"elementor-widget-container\">\n\t\t\t<style>\/*! elementor - v3.5.5 - 03-02-2022 *\/\n.elementor-widget-text-editor.elementor-drop-cap-view-stacked .elementor-drop-cap{background-color:#818a91;color:#fff}.elementor-widget-text-editor.elementor-drop-cap-view-framed .elementor-drop-cap{color:#818a91;border:3px solid;background-color:transparent}.elementor-widget-text-editor:not(.elementor-drop-cap-view-default) .elementor-drop-cap{margin-top:8px}.elementor-widget-text-editor:not(.elementor-drop-cap-view-default) .elementor-drop-cap-letter{width:1em;height:1em}.elementor-widget-text-editor .elementor-drop-cap{float:left;text-align:center;line-height:1;font-size:50px}.elementor-widget-text-editor .elementor-drop-cap-letter{display:inline-block}<\/style>\t\t\t\t<h1 class=\"entry-title\" style=\"color:#064597; font-weight:800;\">MENTIONS LEGALES<\/h1><\/br>\n<strong>1.EDITEUR<\/strong>\n<\/br>\nAqualand soci\u00e9t\u00e9 par actions simplifi\u00e9e au capital de 5\u00a0722\u00a0051.90 \u20ac\n<\/br>\nSi\u00e8ge social : Camp de l\u2019Abb\u00e9 , 420 RD 559 83600 FREJUS\n<\/br>\nRCS de Fr\u00e9jus B 83\u00a0324\u00a0592 708\n<\/br>\nTVA intracommunautaire : FR 83\u00a0324\u00a0592 708\n<\/br>\nAssureur : Axa France IARD 313 Terrasses de l\u2019Arche 92727 Nanterre Cedex, France\n<\/br>\nT\u00e9l. : 04 94 51 82 51 ou 04 94 32 08 32\n<\/br>\nEmail : <u><a style=\"color: #000;\" href=\"mailto:aqualand.frejus@parcagen.fr\">aqualand.frejus@aqualand.fr<\/a><\/u>\n<\/br><\/br>\n<strong>2.DIRECTEUR DE LA PUBLICATION<\/strong>\n<\/br>\n<strong>Julian GONZALEZ,<\/strong>\u00a0Directeur G\u00e9n\u00e9ral\n<\/br><\/br>\n<strong>3.HEBERGEUR<\/strong>\n<\/br>\nAbacibTechnology SL\n<\/br>\nSi\u00e8ge social : C\/ Pinar, 6 bis, 2\u00baG 28006 Madrid, Espagne\n<\/br>\nEmail : <u><a style=\"color: #000;\" href=\"webservices@neuronic.es\">webservices@neuronic.es<\/a><\/u>\n<\/br>\nSite internet : <u><a style=\"color: #000;\" href=\"http:\/\/www.neuronic.es\/\">www.neuronic.es<\/a><\/u>\n<\/br><\/br>\n<strong>4.CONCEPTEUR ET DEVELOPPEUR<\/strong>\n<\/br>\nAbacibTechnology SL\n<\/br>\nSi\u00e8ge social : C\/ Pinar, 6 bis, 2\u00baG 28006 Madrid, Espagne\n<\/br>\nEmail : <u><a style=\"color:#000;\" href=\"http:webservices@neuronic.es\">webservices@neuronic.es<\/a><\/u>\n<\/br>\nSite internet : <u><a style=\"color: #000;\" href=\"http:\/\/www.neuronic.es\/\">www.neuronic.es<\/a><\/u>\n<\/br>\nImages \/ Photographies: Julien DOMEC \/ <u><a style=\"color:#000;\" href=\"http:\/\/www.juliendomec.com\/\">www.juliendomec.com<\/a><\/u>\n<\/br><\/br>\n<h3><strong>CONDITIONS D\u2019UTILISATION DU SITE INTERNET<\/strong><\/h3>\n\nEn consultant ce site internet, vous acceptez sans r\u00e9serve les conditions d\u2019utilisation suivantes :\n<\/br><\/br>\n<h4><strong>1.CONTENU DU SITE<\/strong><\/h4>\nCe site Internet est fourni en tant que service aux personnes qui le visitent. Aqualand se r\u00e9serve le droit de supprimer, de modifier ou de compl\u00e9ter les renseignements fournis sur ce site \u00e0 tout moment et pour quelque raison que ce soit, sans qu\u2019aucun pr\u00e9avis ne soit n\u00e9cessaire. Vous reconnaissez avoir \u00e9t\u00e9 inform\u00e9 que le pr\u00e9sent site est accessible 24 heures sur 24 et 7 jours sur 7, \u00e0 l\u2019exception des cas de force majeure, difficult\u00e9s informatiques, difficult\u00e9s li\u00e9es \u00e0 la structure des r\u00e9seaux de communications ou difficult\u00e9s techniques. Pour des raisons de maintenance, Aqualand pourra interrompre le site et s\u2019efforcera d\u2019en avertir pr\u00e9alablement les utilisateurs.\n<\/br><\/br>\n<h4><strong>2.PROPRIETE INTELLECTUELLE<\/strong><\/h4>\nLe contenu de ce site Internet est la propri\u00e9t\u00e9 de Aqualand. Vous avez l\u2019autorisation de consulter les donn\u00e9es qu\u2019il contient pour votre seule utilisation personnelle non commerciale, ce qui exclut toute exploitation commerciale \u00e0 un niveau local, national ou international.\n<\/br>\nEst interdite toute utilisation des \u00e9l\u00e9ments (images, logos, graphiques, textes, vid\u00e9os, sons, etc.) figurant sur ce site internet et prot\u00e9g\u00e9s par un droit de propri\u00e9t\u00e9 intellectuelle sans l\u2019accord pr\u00e9alable \u00e9crit du titulaire de ce droit. Cette interdiction couvre notamment la copie, la reproduction, la modification, la publication, le t\u00e9l\u00e9chargement, la distribution ou encore la transmission de tout ou partie desdits \u00e9l\u00e9ments, sous quelque forme, par quelque moyen et pour quelque finalit\u00e9 que ce soit.<\/br><\/br>\n<h4><strong>3.DONNEES PERSONNELLES<\/strong><\/h4>\nLes donn\u00e9es personnelles recueillies avec votre consentement sur ce site internet font l\u2019objet d\u2019un traitement informatique, dans le respect de la loi n\u00b0 78-17 du 6 janvier 1978 relative \u00e0 l\u2019informatique, aux fichiers et aux libert\u00e9s, telle qu\u2019amend\u00e9e.\n<\/br>\nLe responsable de ce traitement est Aqualand, repr\u00e9sent\u00e9e par Julian GONZALEZ, et dont les coordonn\u00e9es figurent dans les mentions l\u00e9gales de ce site internet.\n<\/br>\nCe traitement est destin\u00e9 \u00e0 traiter votre commande, votre demande d\u2019information ou de documentation, \u00e0 g\u00e9rer l\u2019acc\u00e8s des visiteurs aux Parcs Aqualand et, sous r\u00e9serve de votre accord, \u00e0 vous envoyer des offres commerciales. Les champs devant \u00eatre obligatoirement renseign\u00e9s sont marqu\u00e9s d\u2019un ast\u00e9risque ; \u00e0 d\u00e9faut de renseignement de ces champs, votre demande ne pourra pas \u00eatre trait\u00e9e. Le renseignement des autres champs est facultatif.\n<\/br>\nLes destinataires de ces donn\u00e9es sont Aqualand et, si vous y consentez en cochant la case pr\u00e9vue \u00e0 cet effet, ses partenaires ou les autres soci\u00e9t\u00e9s du groupe Aspro Park.\n<\/br>\nVous b\u00e9n\u00e9ficiez d\u2019un droit d\u2019acc\u00e8s, de modification et de suppression des donn\u00e9es vous concernant, que vous pouvez exercer en adressant votre demande par courrier, email ou t\u00e9l\u00e9phone aux coordonn\u00e9es figurant \u00e0 l\u2019article \u00ab Contact \u00bb.\n<\/br><\/br>\n<h4><strong>4.LIENS HYPERTEXTES<\/strong><\/h4>\nL\u2019\u00e9tablissement de liens hypertextes vers ce site internet est autoris\u00e9, sous r\u00e9serve que :\n<ul>\n \t<li>Les pages de ce site internet ne soient pas imbriqu\u00e9es \u00e0 l\u2019int\u00e9rieur des pages d\u2019un autre site, mais soient accessibles int\u00e9gralement dans une nouvelle fen\u00eatre ;<\/li>\n \t<li>Les informations figurant sur ce site internet ne soient pas utilis\u00e9es \u00e0 des fins commerciales ;<\/li>\n \t<li>Le site internet \u00e0 partir duquel un lien hypertexte est \u00e9tabli ne diffuse pas d\u2019informations \u00e0 caract\u00e8re pol\u00e9mique, pornographique, x\u00e9nophobe, pouvant heurter la sensibilit\u00e9 du public ou porter atteinte \u00e0 l\u2019image d\u2019Aqualand.<\/li>\n<\/ul>\nAqualand se r\u00e9serve la facult\u00e9 de retirer \u00e0 tout moment et sans avoir \u00e0 en justifier l\u2019autorisation ainsi accord\u00e9e.\n<\/br>\nLes pages de ce site internet pourront pr\u00e9senter des liens avec d\u2019autres sites ou faire des renvois \u00e0 d\u2019autres sites. Aqualand\n<\/br>\nAqualand ne se porte pas garant du contenu de ces autres sites et ne pourra \u00eatre tenu responsable des dommages r\u00e9sultant de l\u2019utilisation du contenu de ces sites. Les liens vers d\u2019autres sites ne sont fournis que pour votre commodit\u00e9.<\/br><\/br>\n<h4><strong>5.COOKIES<\/strong><\/h4>\nCe site internet fait usage de cookies.\n<\/br>\nUn cookie est un fichier texte d\u00e9pos\u00e9 sur votre ordinateur quand vous visitez ce site internet. Les cookies sont g\u00e9r\u00e9s par votre navigateur internet. Ils servent \u00e0 enregistrer des informations relatives \u00e0 la navigation des utilisateurs mais ne permettent pas de vous identifier personnellement.\n<\/br>\nVous pouvez accepter ou refuser les cookies en modifiant les param\u00e8tres de votre navigateur internet. Vous disposez d\u2019un droit d\u2019acc\u00e8s, de retrait et de modification des donn\u00e9es personnelles communiqu\u00e9es par le biais des cookies dans les conditions indiqu\u00e9es dans la rubrique \u00ab\u00a0<em>Utilisation des cookies<\/em>\u00a0\u00bb ci-dessous.\n<\/br>\nN\u00e9anmoins, si vous d\u00e9sactivez totalement ou partiellement les cookies, votre navigation sur ce site internet risque d\u2019\u00eatre limit\u00e9e et certaines fonctionnalit\u00e9s peuvent \u00eatre inaccessibles.<\/br><\/br>\n<h4><strong>6.RESPONSABILITE<\/strong><\/h4>\nLa responsabilit\u00e9 d\u2019Aqualand ne saurait \u00eatre engag\u00e9e du fait de tout dommage direct ou indirect issu notamment :\n<ul><li>De l\u2019inaccessibilit\u00e9 temporaire de ce site internet en raison d\u2019op\u00e9rations de maintenance ;<\/li>\n<li>D\u2019un dysfonctionnement du r\u00e9seau internet ayant une incidence sur l\u2019acc\u00e8s \u00e0 ce site. A cet \u00e9gard, vous d\u00e9clarez conna\u00eetre et accepter les caract\u00e9ristiques techniques et fonctionnelles, ainsi que les limites du r\u00e9seau internet (en mati\u00e8re d\u2019acc\u00e8s, de disponibilit\u00e9, d\u2019encombrement, de d\u00e9faillance, de saturation, de temps de transit, de temps de r\u00e9ponse pour afficher, consulter, interroger ou transf\u00e9rer des donn\u00e9es, d\u2019interruption, d\u2019absence de protection de certaines donn\u00e9es contre des d\u00e9tournements ou le piratage, de risque de contamination par un virus, etc.) ;<\/li>\n<li>D\u2019un dysfonctionnement ou d\u2019une mauvaise utilisation de votre terminal et de tout autre \u00e9quipement utilis\u00e9 pour acc\u00e9der \u00e0 ce site internet ;<\/li>\n<li>De la fourniture d\u2019informations erron\u00e9es, incompl\u00e8tes ou mensong\u00e8res de votre part ;<\/li>\n<li>Du d\u00e9faut, de la perte, du retard ou d\u2019une erreur de transmission de donn\u00e9es ind\u00e9pendant de la volont\u00e9 d\u2019Aqualand;<\/li>\n<li>De la teneur des informations figurant sur les sites vers lesquels ce site internet renvoie par des liens hypertextes ;<\/li>\n<li>D\u2019une violation des pr\u00e9sentes conditions d\u2019utilisation de votre part.<\/li>\n<\/ul>\n<\/br><\/br>\n<h4><strong>7. CONTACT<\/strong><\/h4>\n<\/br>\nToute demande relative \u00e0 l\u2019utilisation de ce site internet doit \u00eatre adress\u00e9e :<\/br>\nPar courrier \u00e0 l\u2019adresse suivante : Aqualand, Camp de l\u2019Abb\u00e9, 420 RD 559 83600 FREJUS France ;\n<\/br>\nPar email \u00e0 l\u2019adresse suivante :\u00a0<u><a style=\"color:#000;\" href=\"mailto:aqualand.frejus@aqualand.fr\">aqualand.frejus@aqualand.fr<\/a><\/u>\u00a0<\/br>ou\n<\/br>\nPar t\u00e9l\u00e9phone aux num\u00e9ros suivants : 04 94 51 82 51<\/br><\/br>\t\t\t\t\t\t<\/div>\n\t\t\t\t<\/div>\n\t\t\t\t\t<\/div>\n\t\t<\/div>\n\t\t\t\t\t\t\t<\/div>\n\t\t<\/section>\n\t\t\t\t\t\t<\/div>\n\t\t\t\t\t<\/div>\n\t\t","protected":false},"excerpt":{"rendered":"<p>MENTIONS LEGALES 1.EDITEUR Aqualand soci\u00e9t\u00e9 par actions simplifi\u00e9e au capital de 5\u00a0722\u00a0051.90 \u20ac Si\u00e8ge social : Camp de l\u2019Abb\u00e9 , 420 RD 559 83600 FREJUS RCS de Fr\u00e9jus B 83\u00a0324\u00a0592 708 TVA intracommunautaire : FR 83\u00a0324\u00a0592 708 Assureur : Axa France IARD 313 Terrasses de l\u2019Arche 92727 Nanterre Cedex, France T\u00e9l. : 04 94 51 [&hellip;]<\/p>\n","protected":false},"author":1,"featured_media":0,"parent":0,"menu_order":0,"comment_status":"closed","ping_status":"closed","template":"","meta":{"footnotes":""},"class_list":["post-6945","page","type-page","status-publish","hentry"],"_links":{"self":[{"href":"https:\/\/www.aqualand.fr\/tarifsb2bsaison2022sudest\/wp-json\/wp\/v2\/pages\/6945","targetHints":{"allow":["GET"]}}],"collection":[{"href":"https:\/\/www.aqualand.fr\/tarifsb2bsaison2022sudest\/wp-json\/wp\/v2\/pages"}],"about":[{"href":"https:\/\/www.aqualand.fr\/tarifsb2bsaison2022sudest\/wp-json\/wp\/v2\/types\/page"}],"author":[{"embeddable":true,"href":"https:\/\/www.aqualand.fr\/tarifsb2bsaison2022sudest\/wp-json\/wp\/v2\/users\/1"}],"replies":[{"embeddable":true,"href":"https:\/\/www.aqualand.fr\/tarifsb2bsaison2022sudest\/wp-json\/wp\/v2\/comments?post=6945"}],"version-history":[{"count":17,"href":"https:\/\/www.aqualand.fr\/tarifsb2bsaison2022sudest\/wp-json\/wp\/v2\/pages\/6945\/revisions"}],"predecessor-version":[{"id":6962,"href":"https:\/\/www.aqualand.fr\/tarifsb2bsaison2022sudest\/wp-json\/wp\/v2\/pages\/6945\/revisions\/6962"}],"wp:attachment":[{"href":"https:\/\/www.aqualand.fr\/tarifsb2bsaison2022sudest\/wp-json\/wp\/v2\/media?parent=6945"}],"curies":[{"name":"wp","href":"https:\/\/api.w.org\/{rel}","templated":true}]}}